{"id":336,"date":"2024-04-16T15:18:09","date_gmt":"2024-04-16T15:18:09","guid":{"rendered":"https:\/\/www.palazzomandurino.it\/?page_id=336"},"modified":"2024-05-30T15:22:45","modified_gmt":"2024-05-30T15:22:45","slug":"spa","status":"publish","type":"page","link":"https:\/\/www.palazzomandurino.it\/en\/spa\/","title":{"rendered":"La SPA nella tua Suite"},"content":{"rendered":"<div data-elementor-type=\"wp-page\" data-elementor-id=\"336\" class=\"elementor elementor-336\" data-elementor-settings=\"{&quot;ha_cmc_init_switcher&quot;:&quot;no&quot;}\">\n\t\t\t\t<div class=\"elementor-element elementor-element-c91a003 e-con-full e-flex wpr-particle-no wpr-jarallax-no wpr-parallax-no wpr-sticky-section-no elementor-invisible e-con e-parent\" data-id=\"c91a003\" data-element_type=\"container\" data-settings=\"{&quot;background_background&quot;:&quot;classic&quot;,&quot;animation&quot;:&quot;fadeInRight&quot;,&quot;_ha_eqh_enable&quot;:false}\">\n\t\t<div class=\"elementor-element elementor-element-37b2d02 e-con-full e-flex wpr-particle-no wpr-jarallax-no wpr-parallax-no wpr-sticky-section-no e-con e-child\" data-id=\"37b2d02\" data-element_type=\"container\" data-settings=\"{&quot;background_background&quot;:&quot;classic&quot;,&quot;_ha_eqh_enable&quot;:false}\">\n\t\t\t\t<\/div>\n\t\t<div class=\"elementor-element elementor-element-07aaced e-con-full e-flex wpr-particle-no wpr-jarallax-no wpr-parallax-no wpr-sticky-section-no e-con e-child\" data-id=\"07aaced\" data-element_type=\"container\" data-settings=\"{&quot;_ha_eqh_enable&quot;:false}\">\n\t\t<div class=\"elementor-element elementor-element-8846c22 e-con-full e-flex wpr-jarallax-no wpr-parallax-no wpr-sticky-section-no elementor-invisible e-con e-child\" data-id=\"8846c22\" data-element_type=\"container\" data-settings=\"{&quot;background_background&quot;:&quot;classic&quot;,&quot;animation&quot;:&quot;fadeIn&quot;,&quot;_ha_eqh_enable&quot;:false}\">\n\t\t\t\t<div class=\"elementor-element elementor-element-97d79ba elementor-widget elementor-widget-spacer\" data-id=\"97d79ba\" data-element_type=\"widget\" data-widget_type=\"spacer.default\">\n\t\t\t\t<div class=\"elementor-widget-container\">\n\t\t\t\t\t\t\t<div class=\"elementor-spacer\">\n\t\t\t<div class=\"elementor-spacer-inner\"><\/div>\n\t\t<\/div>\n\t\t\t\t\t\t<\/div>\n\t\t\t\t<\/div>\n\t\t\t\t<div class=\"elementor-element elementor-element-8a7f572 elementor-widget elementor-widget-image\" data-id=\"8a7f572\" data-element_type=\"widget\" data-widget_type=\"image.default\">\n\t\t\t\t<div class=\"elementor-widget-container\">\n\t\t\t\t\t\t\t\t\t\t\t\t\t\t\t<img decoding=\"async\" src=\"https:\/\/www.palazzomandurino.it\/wp-content\/uploads\/elementor\/thumbs\/loghetto-qp7ac9wl6fa4toezgd1rlb8x74rxtmn6tkbdvr6dtg.png\" title=\"loghetto\" alt=\"loghetto\" loading=\"lazy\" \/>\t\t\t\t\t\t\t\t\t\t\t\t\t\t\t<\/div>\n\t\t\t\t<\/div>\n\t\t\t\t<div class=\"elementor-element elementor-element-81488b3 elementor-widget elementor-widget-heading\" data-id=\"81488b3\" data-element_type=\"widget\" data-widget_type=\"heading.default\">\n\t\t\t\t<div class=\"elementor-widget-container\">\n\t\t\t\t\t<h2 class=\"elementor-heading-title elementor-size-default\">PRIVATE<\/h2>\t\t\t\t<\/div>\n\t\t\t\t<\/div>\n\t\t\t\t<div class=\"elementor-element elementor-element-5d67eaa elementor-widget elementor-widget-heading\" data-id=\"5d67eaa\" data-element_type=\"widget\" data-widget_type=\"heading.default\">\n\t\t\t\t<div class=\"elementor-widget-container\">\n\t\t\t\t\t<h2 class=\"elementor-heading-title elementor-size-default\">SPA<\/h2>\t\t\t\t<\/div>\n\t\t\t\t<\/div>\n\t\t\t\t<div class=\"elementor-element elementor-element-7ce7df0 elementor-widget elementor-widget-heading\" data-id=\"7ce7df0\" data-element_type=\"widget\" data-widget_type=\"heading.default\">\n\t\t\t\t<div class=\"elementor-widget-container\">\n\t\t\t\t\t<h2 class=\"elementor-heading-title elementor-size-default\">Un'esperienza di benessere drettamente in suite<\/h2>\t\t\t\t<\/div>\n\t\t\t\t<\/div>\n\t\t\t\t<\/div>\n\t\t\t\t<div class=\"elementor-element elementor-element-05de8df elementor-widget elementor-widget-text-editor\" data-id=\"05de8df\" data-element_type=\"widget\" data-widget_type=\"text-editor.default\">\n\t\t\t\t<div class=\"elementor-widget-container\">\n\t\t\t\t\t\t\t\t\t<p>AMPIA VASCA IDROMASSAGGIO DI COPPIA<\/p><p>DOCIA A PIOGGIA<\/p><p>SALI MINEARLI PER IDROMASSAGGIO<\/p><p>AROMATERAPIA E CROMOTERAPIA<\/p><p>SAUNA DI COPPIA<\/p>\t\t\t\t\t\t\t\t<\/div>\n\t\t\t\t<\/div>\n\t\t<div class=\"elementor-element elementor-element-ebf97ed e-grid e-con-boxed wpr-particle-no wpr-jarallax-no wpr-parallax-no wpr-sticky-section-no e-con e-child\" data-id=\"ebf97ed\" data-element_type=\"container\" data-settings=\"{&quot;_ha_eqh_enable&quot;:false}\">\n\t\t\t\t\t<div class=\"e-con-inner\">\n\t\t\t\t<div class=\"elementor-element elementor-element-f448ed2 elementor-view-default elementor-widget elementor-widget-icon\" data-id=\"f448ed2\" data-element_type=\"widget\" data-widget_type=\"icon.default\">\n\t\t\t\t<div class=\"elementor-widget-container\">\n\t\t\t\t\t\t\t<div class=\"elementor-icon-wrapper\">\n\t\t\t<div class=\"elementor-icon\">\n\t\t\t<i aria-hidden=\"true\" class=\"hm hm-lotus\"><\/i>\t\t\t<\/div>\n\t\t<\/div>\n\t\t\t\t\t\t<\/div>\n\t\t\t\t<\/div>\n\t\t\t\t<div class=\"elementor-element elementor-element-52f3f29 elementor-view-default elementor-widget elementor-widget-icon\" data-id=\"52f3f29\" data-element_type=\"widget\" data-widget_type=\"icon.default\">\n\t\t\t\t<div class=\"elementor-widget-container\">\n\t\t\t\t\t\t\t<div class=\"elementor-icon-wrapper\">\n\t\t\t<div class=\"elementor-icon\">\n\t\t\t<i aria-hidden=\"true\" class=\"hm hm-spa-face\"><\/i>\t\t\t<\/div>\n\t\t<\/div>\n\t\t\t\t\t\t<\/div>\n\t\t\t\t<\/div>\n\t\t\t\t<div class=\"elementor-element elementor-element-720e2ba elementor-view-default elementor-widget elementor-widget-icon\" data-id=\"720e2ba\" data-element_type=\"widget\" data-widget_type=\"icon.default\">\n\t\t\t\t<div class=\"elementor-widget-container\">\n\t\t\t\t\t\t\t<div class=\"elementor-icon-wrapper\">\n\t\t\t<div class=\"elementor-icon\">\n\t\t\t<i aria-hidden=\"true\" class=\"hm hm-wine-glass2\"><\/i>\t\t\t<\/div>\n\t\t<\/div>\n\t\t\t\t\t\t<\/div>\n\t\t\t\t<\/div>\n\t\t\t\t<div class=\"elementor-element elementor-element-e933919 elementor-view-default elementor-widget elementor-widget-icon\" data-id=\"e933919\" data-element_type=\"widget\" data-widget_type=\"icon.default\">\n\t\t\t\t<div class=\"elementor-widget-container\">\n\t\t\t\t\t\t\t<div class=\"elementor-icon-wrapper\">\n\t\t\t<div class=\"elementor-icon\">\n\t\t\t<i aria-hidden=\"true\" class=\"hm hm-spa-stone-flower\"><\/i>\t\t\t<\/div>\n\t\t<\/div>\n\t\t\t\t\t\t<\/div>\n\t\t\t\t<\/div>\n\t\t\t\t\t<\/div>\n\t\t\t\t<\/div>\n\t\t\t\t<\/div>\n\t\t\t\t<\/div>\n\t\t<div class=\"elementor-element elementor-element-453f8f3 e-con-full e-flex wpr-particle-no wpr-jarallax-no wpr-parallax-no wpr-sticky-section-no elementor-invisible e-con e-parent\" data-id=\"453f8f3\" data-element_type=\"container\" data-settings=\"{&quot;animation&quot;:&quot;fadeInLeft&quot;,&quot;_ha_eqh_enable&quot;:false}\">\n\t\t<div class=\"elementor-element elementor-element-dca13bb e-con-full e-flex wpr-particle-no wpr-jarallax-no wpr-parallax-no wpr-sticky-section-no e-con e-child\" data-id=\"dca13bb\" data-element_type=\"container\" data-settings=\"{&quot;background_background&quot;:&quot;classic&quot;,&quot;_ha_eqh_enable&quot;:false}\">\n\t\t\t\t<\/div>\n\t\t<div class=\"elementor-element elementor-element-3a5d4a5 e-con-full e-flex wpr-particle-no wpr-jarallax-no wpr-parallax-no wpr-sticky-section-no e-con e-child\" data-id=\"3a5d4a5\" data-element_type=\"container\" data-settings=\"{&quot;_ha_eqh_enable&quot;:false}\">\n\t\t<div class=\"elementor-element elementor-element-b50d605 e-con-full e-flex wpr-jarallax-no wpr-parallax-no wpr-sticky-section-no elementor-invisible e-con e-child\" data-id=\"b50d605\" data-element_type=\"container\" data-settings=\"{&quot;background_background&quot;:&quot;classic&quot;,&quot;animation&quot;:&quot;fadeIn&quot;,&quot;_ha_eqh_enable&quot;:false}\">\n\t\t\t\t<div class=\"elementor-element elementor-element-2f44e95 elementor-widget elementor-widget-spacer\" data-id=\"2f44e95\" data-element_type=\"widget\" data-widget_type=\"spacer.default\">\n\t\t\t\t<div class=\"elementor-widget-container\">\n\t\t\t\t\t\t\t<div class=\"elementor-spacer\">\n\t\t\t<div class=\"elementor-spacer-inner\"><\/div>\n\t\t<\/div>\n\t\t\t\t\t\t<\/div>\n\t\t\t\t<\/div>\n\t\t\t\t<div class=\"elementor-element elementor-element-e888eee elementor-widget elementor-widget-image\" data-id=\"e888eee\" data-element_type=\"widget\" data-widget_type=\"image.default\">\n\t\t\t\t<div class=\"elementor-widget-container\">\n\t\t\t\t\t\t\t\t\t\t\t\t\t\t\t<img decoding=\"async\" src=\"https:\/\/www.palazzomandurino.it\/wp-content\/uploads\/elementor\/thumbs\/loghetto-qp7ac9wl6fa4toezgd1rlb8x74rxtmn6tkbdvr6dtg.png\" title=\"loghetto\" alt=\"loghetto\" loading=\"lazy\" \/>\t\t\t\t\t\t\t\t\t\t\t\t\t\t\t<\/div>\n\t\t\t\t<\/div>\n\t\t\t\t<div class=\"elementor-element elementor-element-0bdb819 elementor-widget elementor-widget-heading\" data-id=\"0bdb819\" data-element_type=\"widget\" data-widget_type=\"heading.default\">\n\t\t\t\t<div class=\"elementor-widget-container\">\n\t\t\t\t\t<h2 class=\"elementor-heading-title elementor-size-default\">WELLNESS<\/h2>\t\t\t\t<\/div>\n\t\t\t\t<\/div>\n\t\t\t\t<div class=\"elementor-element elementor-element-d082546 elementor-widget elementor-widget-heading\" data-id=\"d082546\" data-element_type=\"widget\" data-widget_type=\"heading.default\">\n\t\t\t\t<div class=\"elementor-widget-container\">\n\t\t\t\t\t<h2 class=\"elementor-heading-title elementor-size-default\">EXPERIENCE<\/h2>\t\t\t\t<\/div>\n\t\t\t\t<\/div>\n\t\t\t\t<div class=\"elementor-element elementor-element-e338047 elementor-widget elementor-widget-text-editor\" data-id=\"e338047\" data-element_type=\"widget\" data-widget_type=\"text-editor.default\">\n\t\t\t\t<div class=\"elementor-widget-container\">\n\t\t\t\t\t\t\t\t\t<p>In ogni luxury suite il benessere e le attenzioni del personale qualificato di Palazzo Mandurino regalano agli ospiti esperienze autentiche di \u201cwellness experience\u201d: rigenerarsi nella sauna privata, oppure concedersi il piacere rilassante di una doccia con cromoterapia o un bagno romantico nella vasca idromassaggio con vista sul campanile o ancora immergersi in un rituale di coppia t\u00eate-\u00e0-t\u00eate con l&#8217;intimit\u00e0 e dolcezza di percorsi innovativi.<\/p>\t\t\t\t\t\t\t\t<\/div>\n\t\t\t\t<\/div>\n\t\t\t\t<div class=\"elementor-element elementor-element-8ff3437 elementor-widget elementor-widget-spacer\" data-id=\"8ff3437\" data-element_type=\"widget\" data-widget_type=\"spacer.default\">\n\t\t\t\t<div class=\"elementor-widget-container\">\n\t\t\t\t\t\t\t<div class=\"elementor-spacer\">\n\t\t\t<div class=\"elementor-spacer-inner\"><\/div>\n\t\t<\/div>\n\t\t\t\t\t\t<\/div>\n\t\t\t\t<\/div>\n\t\t\t\t<div class=\"elementor-element elementor-element-8b1aca4 elementor-align-center elementor-invisible elementor-widget elementor-widget-button\" data-id=\"8b1aca4\" data-element_type=\"widget\" data-settings=\"{&quot;_animation&quot;:&quot;bounceIn&quot;}\" data-widget_type=\"button.default\">\n\t\t\t\t<div class=\"elementor-widget-container\">\n\t\t\t\t\t\t\t\t\t<div class=\"elementor-button-wrapper\">\n\t\t\t\t\t<a class=\"elementor-button elementor-button-link elementor-size-sm\" href=\"#\">\n\t\t\t\t\t\t<span class=\"elementor-button-content-wrapper\">\n\t\t\t\t\t\t\t\t\t<span class=\"elementor-button-text\">CONTATTACI E PRENOTA<\/span>\n\t\t\t\t\t<\/span>\n\t\t\t\t\t<\/a>\n\t\t\t\t<\/div>\n\t\t\t\t\t\t\t\t<\/div>\n\t\t\t\t<\/div>\n\t\t\t\t<\/div>\n\t\t\t\t<\/div>\n\t\t\t\t<\/div>\n\t\t<div class=\"elementor-element elementor-element-473833e e-flex e-con-boxed wpr-particle-no wpr-jarallax-no wpr-parallax-no wpr-sticky-section-no e-con e-parent\" data-id=\"473833e\" data-element_type=\"container\" data-settings=\"{&quot;background_background&quot;:&quot;classic&quot;,&quot;_ha_eqh_enable&quot;:false}\">\n\t\t\t\t\t<div class=\"e-con-inner\">\n\t\t<div class=\"elementor-element elementor-element-85614e7 e-con-full e-flex wpr-particle-no wpr-jarallax-no wpr-parallax-no wpr-sticky-section-no e-con e-child\" data-id=\"85614e7\" data-element_type=\"container\" data-settings=\"{&quot;_ha_eqh_enable&quot;:false}\">\n\t\t\t\t<div class=\"elementor-element elementor-element-96b18b5 elementor-widget elementor-widget-image\" data-id=\"96b18b5\" data-element_type=\"widget\" data-widget_type=\"image.default\">\n\t\t\t\t<div class=\"elementor-widget-container\">\n\t\t\t\t\t\t\t\t\t\t\t\t\t\t\t<img decoding=\"async\" src=\"https:\/\/www.palazzomandurino.it\/wp-content\/uploads\/elementor\/thumbs\/loghetto-qp7ac9wl6fa4toezgd1rlb8x74rxtmn6tkbdvr6dtg.png\" title=\"loghetto\" alt=\"loghetto\" loading=\"lazy\" \/>\t\t\t\t\t\t\t\t\t\t\t\t\t\t\t<\/div>\n\t\t\t\t<\/div>\n\t\t\t\t<div class=\"elementor-element elementor-element-8be4ed1 elementor-widget-divider--view-line elementor-widget elementor-widget-divider\" data-id=\"8be4ed1\" data-element_type=\"widget\" data-widget_type=\"divider.default\">\n\t\t\t\t<div class=\"elementor-widget-container\">\n\t\t\t\t\t\t\t<div class=\"elementor-divider\">\n\t\t\t<span class=\"elementor-divider-separator\">\n\t\t\t\t\t\t<\/span>\n\t\t<\/div>\n\t\t\t\t\t\t<\/div>\n\t\t\t\t<\/div>\n\t\t\t\t<div class=\"elementor-element elementor-element-8800d23 elementor-widget elementor-widget-text-editor\" data-id=\"8800d23\" data-element_type=\"widget\" data-widget_type=\"text-editor.default\">\n\t\t\t\t<div class=\"elementor-widget-container\">\n\t\t\t\t\t\t\t\t\t<p>Per ogni suite un racconto, una leggenda intrisa di passato e del fascino della nostra terra.<\/p>\t\t\t\t\t\t\t\t<\/div>\n\t\t\t\t<\/div>\n\t\t\t\t<div class=\"elementor-element elementor-element-303fda4 elementor-align-center elementor-invisible elementor-widget elementor-widget-button\" data-id=\"303fda4\" data-element_type=\"widget\" data-settings=\"{&quot;_animation&quot;:&quot;bounceIn&quot;}\" data-widget_type=\"button.default\">\n\t\t\t\t<div class=\"elementor-widget-container\">\n\t\t\t\t\t\t\t\t\t<div class=\"elementor-button-wrapper\">\n\t\t\t\t\t<a class=\"elementor-button elementor-button-link elementor-size-sm\" href=\"#\">\n\t\t\t\t\t\t<span class=\"elementor-button-content-wrapper\">\n\t\t\t\t\t\t\t\t\t<span class=\"elementor-button-text\">LE SUITE<\/span>\n\t\t\t\t\t<\/span>\n\t\t\t\t\t<\/a>\n\t\t\t\t<\/div>\n\t\t\t\t\t\t\t\t<\/div>\n\t\t\t\t<\/div>\n\t\t\t\t<\/div>\n\t\t<div class=\"elementor-element elementor-element-2662335 e-con-full e-flex wpr-particle-no wpr-jarallax-no wpr-parallax-no wpr-sticky-section-no e-con e-child\" data-id=\"2662335\" data-element_type=\"container\" data-settings=\"{&quot;_ha_eqh_enable&quot;:false}\">\n\t\t\t\t<div class=\"elementor-element elementor-element-63ffc55 ha-image-grid--masonry elementor-widget elementor-widget-ha-image-grid happy-addon ha-image-grid\" data-id=\"63ffc55\" data-element_type=\"widget\" data-settings=\"{&quot;layout&quot;:&quot;masonry&quot;,&quot;enable_popup&quot;:&quot;yes&quot;}\" data-widget_type=\"ha-image-grid.default\">\n\t\t\t\t<div class=\"elementor-widget-container\">\n\t\t\t\t\t\n\t\t<div class=\"ha-image-grid__wrap hajs-isotope ha-lightbox--has\">\n\t\t\t\t\t\t\t\n\t\t\t\t<a href=\"#\" data-mfp-src=\"https:\/\/www.palazzomandurino.it\/wp-content\/uploads\/2024\/04\/spa-1024x1024.jpg\" class=\"ha-image-grid__item ha-js-lightbox __fltr-1\">\n\t\t\t\t\t<img fetchpriority=\"high\" decoding=\"async\" width=\"1024\" height=\"1024\" src=\"https:\/\/www.palazzomandurino.it\/wp-content\/uploads\/2024\/04\/spa-1024x1024.jpg\" class=\"elementor-animation-grow\" alt=\"\" srcset=\"https:\/\/www.palazzomandurino.it\/wp-content\/uploads\/2024\/04\/spa-1024x1024.jpg 1024w, https:\/\/www.palazzomandurino.it\/wp-content\/uploads\/2024\/04\/spa-300x300.jpg 300w, https:\/\/www.palazzomandurino.it\/wp-content\/uploads\/2024\/04\/spa-150x150.jpg 150w, https:\/\/www.palazzomandurino.it\/wp-content\/uploads\/2024\/04\/spa-768x768.jpg 768w, https:\/\/www.palazzomandurino.it\/wp-content\/uploads\/2024\/04\/spa-1536x1536.jpg 1536w, https:\/\/www.palazzomandurino.it\/wp-content\/uploads\/2024\/04\/spa.jpg 2000w\" sizes=\"(max-width: 1024px) 100vw, 1024px\" \/>\t\t\t\t<\/a>\n\t\t\t\t\t\t\t\n\t\t\t\t<a href=\"#\" data-mfp-src=\"https:\/\/www.palazzomandurino.it\/wp-content\/uploads\/2024\/05\/DSC7725-1024x681.jpg\" class=\"ha-image-grid__item ha-js-lightbox __fltr-1\">\n\t\t\t\t\t<img decoding=\"async\" width=\"1024\" height=\"681\" src=\"https:\/\/www.palazzomandurino.it\/wp-content\/uploads\/2024\/05\/DSC7725-1024x681.jpg\" class=\"elementor-animation-grow\" alt=\"\" srcset=\"https:\/\/www.palazzomandurino.it\/wp-content\/uploads\/2024\/05\/DSC7725-1024x681.jpg 1024w, https:\/\/www.palazzomandurino.it\/wp-content\/uploads\/2024\/05\/DSC7725-300x200.jpg 300w, https:\/\/www.palazzomandurino.it\/wp-content\/uploads\/2024\/05\/DSC7725-768x511.jpg 768w, https:\/\/www.palazzomandurino.it\/wp-content\/uploads\/2024\/05\/DSC7725-1536x1022.jpg 1536w, https:\/\/www.palazzomandurino.it\/wp-content\/uploads\/2024\/05\/DSC7725-2048x1363.jpg 2048w, https:\/\/www.palazzomandurino.it\/wp-content\/uploads\/2024\/05\/DSC7725-18x12.jpg 18w, https:\/\/www.palazzomandurino.it\/wp-content\/uploads\/2024\/05\/DSC7725-451x300.jpg 451w\" sizes=\"(max-width: 1024px) 100vw, 1024px\" \/>\t\t\t\t<\/a>\n\t\t\t\t\t\t\t\n\t\t\t\t<a href=\"#\" data-mfp-src=\"https:\/\/www.palazzomandurino.it\/wp-content\/uploads\/2024\/05\/spa4-1024x681.jpg\" class=\"ha-image-grid__item ha-js-lightbox __fltr-1\">\n\t\t\t\t\t<img decoding=\"async\" width=\"1024\" height=\"681\" src=\"https:\/\/www.palazzomandurino.it\/wp-content\/uploads\/2024\/05\/spa4-1024x681.jpg\" class=\"elementor-animation-grow\" alt=\"\" srcset=\"https:\/\/www.palazzomandurino.it\/wp-content\/uploads\/2024\/05\/spa4-1024x681.jpg 1024w, https:\/\/www.palazzomandurino.it\/wp-content\/uploads\/2024\/05\/spa4-300x200.jpg 300w, https:\/\/www.palazzomandurino.it\/wp-content\/uploads\/2024\/05\/spa4-768x511.jpg 768w, https:\/\/www.palazzomandurino.it\/wp-content\/uploads\/2024\/05\/spa4-1536x1022.jpg 1536w, https:\/\/www.palazzomandurino.it\/wp-content\/uploads\/2024\/05\/spa4-2048x1363.jpg 2048w, https:\/\/www.palazzomandurino.it\/wp-content\/uploads\/2024\/05\/spa4-18x12.jpg 18w, https:\/\/www.palazzomandurino.it\/wp-content\/uploads\/2024\/05\/spa4-451x300.jpg 451w\" sizes=\"(max-width: 1024px) 100vw, 1024px\" \/>\t\t\t\t<\/a>\n\t\t\t\t\t\t\t\n\t\t\t\t<a href=\"#\" data-mfp-src=\"https:\/\/www.palazzomandurino.it\/wp-content\/uploads\/2024\/05\/spa8-1024x683.jpg\" class=\"ha-image-grid__item ha-js-lightbox __fltr-1\">\n\t\t\t\t\t<img loading=\"lazy\" decoding=\"async\" width=\"1024\" height=\"683\" src=\"https:\/\/www.palazzomandurino.it\/wp-content\/uploads\/2024\/05\/spa8-1024x683.jpg\" class=\"elementor-animation-grow\" alt=\"\" srcset=\"https:\/\/www.palazzomandurino.it\/wp-content\/uploads\/2024\/05\/spa8-1024x683.jpg 1024w, https:\/\/www.palazzomandurino.it\/wp-content\/uploads\/2024\/05\/spa8-300x200.jpg 300w, https:\/\/www.palazzomandurino.it\/wp-content\/uploads\/2024\/05\/spa8-768x512.jpg 768w, https:\/\/www.palazzomandurino.it\/wp-content\/uploads\/2024\/05\/spa8-1536x1024.jpg 1536w, https:\/\/www.palazzomandurino.it\/wp-content\/uploads\/2024\/05\/spa8-2048x1365.jpg 2048w, https:\/\/www.palazzomandurino.it\/wp-content\/uploads\/2024\/05\/spa8-18x12.jpg 18w, https:\/\/www.palazzomandurino.it\/wp-content\/uploads\/2024\/05\/spa8-450x300.jpg 450w\" sizes=\"(max-width: 1024px) 100vw, 1024px\" \/>\t\t\t\t<\/a>\n\t\t\t\t\t\t\t\n\t\t\t\t<a href=\"#\" data-mfp-src=\"https:\/\/www.palazzomandurino.it\/wp-content\/uploads\/2024\/05\/spa9-1024x683.jpg\" class=\"ha-image-grid__item ha-js-lightbox __fltr-1\">\n\t\t\t\t\t<img loading=\"lazy\" decoding=\"async\" width=\"1024\" height=\"683\" src=\"https:\/\/www.palazzomandurino.it\/wp-content\/uploads\/2024\/05\/spa9-1024x683.jpg\" class=\"elementor-animation-grow\" alt=\"\" srcset=\"https:\/\/www.palazzomandurino.it\/wp-content\/uploads\/2024\/05\/spa9-1024x683.jpg 1024w, https:\/\/www.palazzomandurino.it\/wp-content\/uploads\/2024\/05\/spa9-300x200.jpg 300w, https:\/\/www.palazzomandurino.it\/wp-content\/uploads\/2024\/05\/spa9-768x512.jpg 768w, https:\/\/www.palazzomandurino.it\/wp-content\/uploads\/2024\/05\/spa9-1536x1024.jpg 1536w, https:\/\/www.palazzomandurino.it\/wp-content\/uploads\/2024\/05\/spa9-2048x1365.jpg 2048w, https:\/\/www.palazzomandurino.it\/wp-content\/uploads\/2024\/05\/spa9-18x12.jpg 18w, https:\/\/www.palazzomandurino.it\/wp-content\/uploads\/2024\/05\/spa9-450x300.jpg 450w\" sizes=\"(max-width: 1024px) 100vw, 1024px\" \/>\t\t\t\t<\/a>\n\t\t\t\t\t\t\t\n\t\t\t\t<a href=\"#\" data-mfp-src=\"https:\/\/www.palazzomandurino.it\/wp-content\/uploads\/2024\/05\/spa12-1024x683.jpg\" class=\"ha-image-grid__item ha-js-lightbox __fltr-1\">\n\t\t\t\t\t<img loading=\"lazy\" decoding=\"async\" width=\"1024\" height=\"683\" src=\"https:\/\/www.palazzomandurino.it\/wp-content\/uploads\/2024\/05\/spa12-1024x683.jpg\" class=\"elementor-animation-grow\" alt=\"\" srcset=\"https:\/\/www.palazzomandurino.it\/wp-content\/uploads\/2024\/05\/spa12-1024x683.jpg 1024w, https:\/\/www.palazzomandurino.it\/wp-content\/uploads\/2024\/05\/spa12-300x200.jpg 300w, https:\/\/www.palazzomandurino.it\/wp-content\/uploads\/2024\/05\/spa12-768x512.jpg 768w, https:\/\/www.palazzomandurino.it\/wp-content\/uploads\/2024\/05\/spa12-18x12.jpg 18w, https:\/\/www.palazzomandurino.it\/wp-content\/uploads\/2024\/05\/spa12-450x300.jpg 450w, https:\/\/www.palazzomandurino.it\/wp-content\/uploads\/2024\/05\/spa12.jpg 1500w\" sizes=\"(max-width: 1024px) 100vw, 1024px\" \/>\t\t\t\t<\/a>\n\t\t\t\t\t<\/div>\n\n\t\t\t\t\t\t<\/div>\n\t\t\t\t<\/div>\n\t\t\t\t<\/div>\n\t\t\t\t\t<\/div>\n\t\t\t\t<\/div>\n\t\t<div class=\"elementor-element elementor-element-92237ac e-flex e-con-boxed wpr-particle-no wpr-jarallax-no wpr-parallax-no wpr-sticky-section-no e-con e-parent\" data-id=\"92237ac\" data-element_type=\"container\" data-settings=\"{&quot;_ha_eqh_enable&quot;:false}\">\n\t\t\t\t\t<div class=\"e-con-inner\">\n\t\t\t\t<div class=\"elementor-element elementor-element-2b2aaf1 wpr-pc-btn-align-fixed wpr-pc-btn-align-fixed-right wpr-pc-btn-icon-right elementor-widget elementor-widget-wpr-phone-call\" data-id=\"2b2aaf1\" data-element_type=\"widget\" data-widget_type=\"wpr-phone-call.default\">\n\t\t\t\t<div class=\"elementor-widget-container\">\n\t\t\t\t\t<div class=\"wpr-pc-wrapper\"><a href=\"tel:0836600282\" class=\"wpr-pc-btn\"><div class=\"wpr-pc-content\"><span class=\"wpr-pc-text\">CONTACT US<\/span><span class=\"wpr-pc-btn-icon\"><svg class=\"e-font-icon-svg e-fas-phone\" viewbox=\"0 0 512 512\" xmlns=\"http:\/\/www.w3.org\/2000\/svg\"><path d=\"M493.4 24.6l-104-24c-11.3-2.6-22.9 3.3-27.5 13.9l-48 112c-4.2 9.8-1.4 21.3 6.9 28l60.6 49.6c-36 76.7-98.9 140.5-177.2 177.2l-49.6-60.6c-6.8-8.3-18.2-11.1-28-6.9l-112 48C3.9 366.5-2 378.1.6 389.4l24 104C27.1 504.2 36.7 512 48 512c256.1 0 464-207.5 464-464 0-11.2-7.7-20.9-18.6-23.4z\"><\/path><\/svg><\/span><\/div><\/a><\/div>\t\t\t\t<\/div>\n\t\t\t\t<\/div>\n\t\t\t\t\t<\/div>\n\t\t\t\t<\/div>\n\t\t\t\t<\/div>","protected":false},"excerpt":{"rendered":"<p>PRIVATE SPA Un&#8217;esperienza di benessere drettamente in suite AMPIA VASCA IDROMASSAGGIO DI COPPIA DOCIA A PIOGGIA SALI MINEARLI PER IDROMASSAGGIO AROMATERAPIA E CROMOTERAPIA SAUNA DI &hellip;<\/p>","protected":false},"author":1,"featured_media":1169,"parent":0,"menu_order":0,"comment_status":"closed","ping_status":"closed","template":"elementor_header_footer","meta":{"footnotes":""},"class_list":["post-336","page","type-page","status-publish","has-post-thumbnail","hentry"],"_links":{"self":[{"href":"https:\/\/www.palazzomandurino.it\/en\/wp-json\/wp\/v2\/pages\/336","targetHints":{"allow":["GET"]}}],"collection":[{"href":"https:\/\/www.palazzomandurino.it\/en\/wp-json\/wp\/v2\/pages"}],"about":[{"href":"https:\/\/www.palazzomandurino.it\/en\/wp-json\/wp\/v2\/types\/page"}],"author":[{"embeddable":true,"href":"https:\/\/www.palazzomandurino.it\/en\/wp-json\/wp\/v2\/users\/1"}],"replies":[{"embeddable":true,"href":"https:\/\/www.palazzomandurino.it\/en\/wp-json\/wp\/v2\/comments?post=336"}],"version-history":[{"count":39,"href":"https:\/\/www.palazzomandurino.it\/en\/wp-json\/wp\/v2\/pages\/336\/revisions"}],"predecessor-version":[{"id":1166,"href":"https:\/\/www.palazzomandurino.it\/en\/wp-json\/wp\/v2\/pages\/336\/revisions\/1166"}],"wp:featuredmedia":[{"embeddable":true,"href":"https:\/\/www.palazzomandurino.it\/en\/wp-json\/wp\/v2\/media\/1169"}],"wp:attachment":[{"href":"https:\/\/www.palazzomandurino.it\/en\/wp-json\/wp\/v2\/media?parent=336"}],"curies":[{"name":"wp","href":"https:\/\/api.w.org\/{rel}","templated":true}]}}