{"id":1015,"date":"2024-05-29T14:31:47","date_gmt":"2024-05-29T14:31:47","guid":{"rendered":"https:\/\/www.palazzomandurino.it\/?page_id=1015"},"modified":"2024-05-29T14:31:49","modified_gmt":"2024-05-29T14:31:49","slug":"sala-comuni","status":"publish","type":"page","link":"https:\/\/www.palazzomandurino.it\/en\/il-palazzo\/spazi\/sala-comuni\/","title":{"rendered":"Sala Comuni"},"content":{"rendered":"<div data-elementor-type=\"wp-page\" data-elementor-id=\"1015\" class=\"elementor elementor-1015\" data-elementor-settings=\"{&quot;ha_cmc_init_switcher&quot;:&quot;no&quot;}\">\n\t\t\t\t<div class=\"elementor-element elementor-element-4d0ce7f e-flex e-con-boxed wpr-particle-no wpr-jarallax-no wpr-parallax-no wpr-sticky-section-no e-con e-parent\" data-id=\"4d0ce7f\" data-element_type=\"container\" data-settings=\"{&quot;background_background&quot;:&quot;classic&quot;,&quot;_ha_eqh_enable&quot;:false}\">\n\t\t\t\t\t<div class=\"e-con-inner\">\n\t\t<div class=\"elementor-element elementor-element-891372a e-con-full e-flex wpr-particle-no wpr-jarallax-no wpr-parallax-no wpr-sticky-section-no e-con e-child\" data-id=\"891372a\" data-element_type=\"container\" data-settings=\"{&quot;_ha_eqh_enable&quot;:false}\">\n\t\t\t\t<div class=\"elementor-element elementor-element-ef6bc85 elementor-widget elementor-widget-image\" data-id=\"ef6bc85\" data-element_type=\"widget\" data-widget_type=\"image.default\">\n\t\t\t\t<div class=\"elementor-widget-container\">\n\t\t\t\t\t\t\t\t\t\t\t\t\t\t\t<img decoding=\"async\" src=\"https:\/\/www.palazzomandurino.it\/wp-content\/uploads\/elementor\/thumbs\/loghetto-qp7ac9wl6fa4toezgd1rlb8x74rxtmn6tkbdvr6dtg.png\" title=\"loghetto\" alt=\"loghetto\" loading=\"lazy\" \/>\t\t\t\t\t\t\t\t\t\t\t\t\t\t\t<\/div>\n\t\t\t\t<\/div>\n\t\t\t\t<div class=\"elementor-element elementor-element-a229718 elementor-widget-divider--view-line elementor-widget elementor-widget-divider\" data-id=\"a229718\" data-element_type=\"widget\" data-widget_type=\"divider.default\">\n\t\t\t\t<div class=\"elementor-widget-container\">\n\t\t\t\t\t\t\t<div class=\"elementor-divider\">\n\t\t\t<span class=\"elementor-divider-separator\">\n\t\t\t\t\t\t<\/span>\n\t\t<\/div>\n\t\t\t\t\t\t<\/div>\n\t\t\t\t<\/div>\n\t\t\t\t<div class=\"elementor-element elementor-element-a186a3d elementor-widget elementor-widget-text-editor\" data-id=\"a186a3d\" data-element_type=\"widget\" data-widget_type=\"text-editor.default\">\n\t\t\t\t<div class=\"elementor-widget-container\">\n\t\t\t\t\t\t\t\t\t<p><span style=\"font-weight: 400;\">Questo angolo della penisola pugliese \u00e8 rinomata per il suo clima mediterraneo, che spesso regala giornate di sole, anche durante il periodo invernale. Palazzo Mandurino dispone di un giardino privato, qui l\u2019ospite pu\u00f2 rilassarsi tra il profumo degli agrumi e un raggio di sole, garantendo cos\u00ec un soggiorno completo e rilassante, godendo delle giornate paradisiache del territorio. Nei mesi pi\u00f9 caldi nell\u2019outdoor \u00e8 compresa una raffinata zona piscina scavata nella pietra leccese, completa di idromassaggio, cascate e cromoterapia. Questa zona \u00e8 fornita di tutti i confort che richiede, sdraio ombrelloni e sedute morbide. Per chi vuole godere del panorama a 360\u00b0 o \u00e8 amante del cielo pu\u00f2 godere di un ampio rooftop arredato, tipico dei borghi storici salentini.<\/span><\/p>\t\t\t\t\t\t\t\t<\/div>\n\t\t\t\t<\/div>\n\t\t\t\t<div class=\"elementor-element elementor-element-425ee88 elementor-align-center elementor-button-info elementor-invisible elementor-widget elementor-widget-button\" data-id=\"425ee88\" data-element_type=\"widget\" data-settings=\"{&quot;_animation&quot;:&quot;bounceIn&quot;}\" data-widget_type=\"button.default\">\n\t\t\t\t<div class=\"elementor-widget-container\">\n\t\t\t\t\t\t\t\t\t<div class=\"elementor-button-wrapper\">\n\t\t\t\t\t<a class=\"elementor-button elementor-button-link elementor-size-sm\" href=\"#\">\n\t\t\t\t\t\t<span class=\"elementor-button-content-wrapper\">\n\t\t\t\t\t\t\t\t\t<span class=\"elementor-button-text\">CONTATTACI<\/span>\n\t\t\t\t\t<\/span>\n\t\t\t\t\t<\/a>\n\t\t\t\t<\/div>\n\t\t\t\t\t\t\t\t<\/div>\n\t\t\t\t<\/div>\n\t\t\t\t<\/div>\n\t\t<div class=\"elementor-element elementor-element-352949a e-con-full e-flex wpr-particle-no wpr-jarallax-no wpr-parallax-no wpr-sticky-section-no e-con e-child\" data-id=\"352949a\" data-element_type=\"container\" data-settings=\"{&quot;_ha_eqh_enable&quot;:false}\">\n\t\t\t\t<div class=\"elementor-element elementor-element-a23a5da ha-image-grid--masonry elementor-widget elementor-widget-ha-image-grid happy-addon ha-image-grid\" data-id=\"a23a5da\" data-element_type=\"widget\" data-settings=\"{&quot;layout&quot;:&quot;masonry&quot;,&quot;enable_popup&quot;:&quot;yes&quot;}\" data-widget_type=\"ha-image-grid.default\">\n\t\t\t\t<div class=\"elementor-widget-container\">\n\t\t\t\t\t\n\t\t<div class=\"ha-image-grid__wrap hajs-isotope ha-lightbox--has\">\n\t\t\t\t\t\t\t\n\t\t\t\t<a href=\"#\" data-mfp-src=\"https:\/\/www.palazzomandurino.it\/wp-content\/uploads\/2024\/05\/MG_5852-1024x683.jpg\" class=\"ha-image-grid__item ha-js-lightbox __fltr-1\">\n\t\t\t\t\t<img fetchpriority=\"high\" decoding=\"async\" width=\"1024\" height=\"683\" src=\"https:\/\/www.palazzomandurino.it\/wp-content\/uploads\/2024\/05\/MG_5852-1024x683.jpg\" class=\"elementor-animation-grow\" alt=\"\" srcset=\"https:\/\/www.palazzomandurino.it\/wp-content\/uploads\/2024\/05\/MG_5852-1024x683.jpg 1024w, https:\/\/www.palazzomandurino.it\/wp-content\/uploads\/2024\/05\/MG_5852-300x200.jpg 300w, https:\/\/www.palazzomandurino.it\/wp-content\/uploads\/2024\/05\/MG_5852-768x512.jpg 768w, https:\/\/www.palazzomandurino.it\/wp-content\/uploads\/2024\/05\/MG_5852-1536x1024.jpg 1536w, https:\/\/www.palazzomandurino.it\/wp-content\/uploads\/2024\/05\/MG_5852-2048x1365.jpg 2048w, https:\/\/www.palazzomandurino.it\/wp-content\/uploads\/2024\/05\/MG_5852-450x300.jpg 450w\" sizes=\"(max-width: 1024px) 100vw, 1024px\" \/>\t\t\t\t<\/a>\n\t\t\t\t\t\t\t\n\t\t\t\t<a href=\"#\" data-mfp-src=\"https:\/\/www.palazzomandurino.it\/wp-content\/uploads\/2024\/05\/CORR1345-1024x682.jpg\" class=\"ha-image-grid__item ha-js-lightbox __fltr-1\">\n\t\t\t\t\t<img decoding=\"async\" width=\"1024\" height=\"682\" src=\"https:\/\/www.palazzomandurino.it\/wp-content\/uploads\/2024\/05\/CORR1345-1024x682.jpg\" class=\"elementor-animation-grow\" alt=\"\" srcset=\"https:\/\/www.palazzomandurino.it\/wp-content\/uploads\/2024\/05\/CORR1345-1024x682.jpg 1024w, https:\/\/www.palazzomandurino.it\/wp-content\/uploads\/2024\/05\/CORR1345-300x200.jpg 300w, https:\/\/www.palazzomandurino.it\/wp-content\/uploads\/2024\/05\/CORR1345-768x512.jpg 768w, https:\/\/www.palazzomandurino.it\/wp-content\/uploads\/2024\/05\/CORR1345-1536x1024.jpg 1536w, https:\/\/www.palazzomandurino.it\/wp-content\/uploads\/2024\/05\/CORR1345-450x300.jpg 450w, https:\/\/www.palazzomandurino.it\/wp-content\/uploads\/2024\/05\/CORR1345.jpg 2000w\" sizes=\"(max-width: 1024px) 100vw, 1024px\" \/>\t\t\t\t<\/a>\n\t\t\t\t\t\t\t\n\t\t\t\t<a href=\"#\" data-mfp-src=\"https:\/\/www.palazzomandurino.it\/wp-content\/uploads\/2024\/05\/FB_IMG_1675960994794-1.jpg\" class=\"ha-image-grid__item ha-js-lightbox __fltr-1\">\n\t\t\t\t\t<img decoding=\"async\" width=\"1024\" height=\"683\" src=\"https:\/\/www.palazzomandurino.it\/wp-content\/uploads\/2024\/05\/FB_IMG_1675960994794-1.jpg\" class=\"elementor-animation-grow\" alt=\"\" srcset=\"https:\/\/www.palazzomandurino.it\/wp-content\/uploads\/2024\/05\/FB_IMG_1675960994794-1.jpg 1024w, https:\/\/www.palazzomandurino.it\/wp-content\/uploads\/2024\/05\/FB_IMG_1675960994794-1-300x200.jpg 300w, https:\/\/www.palazzomandurino.it\/wp-content\/uploads\/2024\/05\/FB_IMG_1675960994794-1-768x512.jpg 768w, https:\/\/www.palazzomandurino.it\/wp-content\/uploads\/2024\/05\/FB_IMG_1675960994794-1-450x300.jpg 450w\" sizes=\"(max-width: 1024px) 100vw, 1024px\" \/>\t\t\t\t<\/a>\n\t\t\t\t\t\t\t\n\t\t\t\t<a href=\"#\" data-mfp-src=\"https:\/\/www.palazzomandurino.it\/wp-content\/uploads\/2024\/05\/IMG-20180122-WA0016-1024x682.jpg\" class=\"ha-image-grid__item ha-js-lightbox __fltr-1\">\n\t\t\t\t\t<img loading=\"lazy\" decoding=\"async\" width=\"1024\" height=\"682\" src=\"https:\/\/www.palazzomandurino.it\/wp-content\/uploads\/2024\/05\/IMG-20180122-WA0016-1024x682.jpg\" class=\"elementor-animation-grow\" alt=\"\" srcset=\"https:\/\/www.palazzomandurino.it\/wp-content\/uploads\/2024\/05\/IMG-20180122-WA0016-1024x682.jpg 1024w, https:\/\/www.palazzomandurino.it\/wp-content\/uploads\/2024\/05\/IMG-20180122-WA0016-300x200.jpg 300w, https:\/\/www.palazzomandurino.it\/wp-content\/uploads\/2024\/05\/IMG-20180122-WA0016-768x511.jpg 768w, https:\/\/www.palazzomandurino.it\/wp-content\/uploads\/2024\/05\/IMG-20180122-WA0016-450x300.jpg 450w, https:\/\/www.palazzomandurino.it\/wp-content\/uploads\/2024\/05\/IMG-20180122-WA0016.jpg 1425w\" sizes=\"(max-width: 1024px) 100vw, 1024px\" \/>\t\t\t\t<\/a>\n\t\t\t\t\t\t\t\n\t\t\t\t<a href=\"#\" data-mfp-src=\"https:\/\/www.palazzomandurino.it\/wp-content\/uploads\/2024\/05\/palazzo-mandurino-eventi12_0-1024x681.jpg\" class=\"ha-image-grid__item ha-js-lightbox __fltr-1\">\n\t\t\t\t\t<img loading=\"lazy\" decoding=\"async\" width=\"1024\" height=\"681\" src=\"https:\/\/www.palazzomandurino.it\/wp-content\/uploads\/2024\/05\/palazzo-mandurino-eventi12_0-1024x681.jpg\" class=\"elementor-animation-grow\" alt=\"\" srcset=\"https:\/\/www.palazzomandurino.it\/wp-content\/uploads\/2024\/05\/palazzo-mandurino-eventi12_0-1024x681.jpg 1024w, https:\/\/www.palazzomandurino.it\/wp-content\/uploads\/2024\/05\/palazzo-mandurino-eventi12_0-300x200.jpg 300w, https:\/\/www.palazzomandurino.it\/wp-content\/uploads\/2024\/05\/palazzo-mandurino-eventi12_0-768x511.jpg 768w, https:\/\/www.palazzomandurino.it\/wp-content\/uploads\/2024\/05\/palazzo-mandurino-eventi12_0-451x300.jpg 451w, https:\/\/www.palazzomandurino.it\/wp-content\/uploads\/2024\/05\/palazzo-mandurino-eventi12_0.jpg 1200w\" sizes=\"(max-width: 1024px) 100vw, 1024px\" \/>\t\t\t\t<\/a>\n\t\t\t\t\t<\/div>\n\n\t\t\t\t\t\t<\/div>\n\t\t\t\t<\/div>\n\t\t\t\t<\/div>\n\t\t\t\t\t<\/div>\n\t\t\t\t<\/div>\n\t\t\t\t<\/div>","protected":false},"excerpt":{"rendered":"<p>Questo angolo della penisola pugliese \u00e8 rinomata per il suo clima mediterraneo, che spesso regala giornate di sole, anche durante il periodo invernale. Palazzo Mandurino &hellip;<\/p>","protected":false},"author":1,"featured_media":840,"parent":967,"menu_order":0,"comment_status":"closed","ping_status":"closed","template":"elementor_header_footer","meta":{"footnotes":""},"class_list":["post-1015","page","type-page","status-publish","has-post-thumbnail","hentry"],"_links":{"self":[{"href":"https:\/\/www.palazzomandurino.it\/en\/wp-json\/wp\/v2\/pages\/1015","targetHints":{"allow":["GET"]}}],"collection":[{"href":"https:\/\/www.palazzomandurino.it\/en\/wp-json\/wp\/v2\/pages"}],"about":[{"href":"https:\/\/www.palazzomandurino.it\/en\/wp-json\/wp\/v2\/types\/page"}],"author":[{"embeddable":true,"href":"https:\/\/www.palazzomandurino.it\/en\/wp-json\/wp\/v2\/users\/1"}],"replies":[{"embeddable":true,"href":"https:\/\/www.palazzomandurino.it\/en\/wp-json\/wp\/v2\/comments?post=1015"}],"version-history":[{"count":1,"href":"https:\/\/www.palazzomandurino.it\/en\/wp-json\/wp\/v2\/pages\/1015\/revisions"}],"predecessor-version":[{"id":1016,"href":"https:\/\/www.palazzomandurino.it\/en\/wp-json\/wp\/v2\/pages\/1015\/revisions\/1016"}],"up":[{"embeddable":true,"href":"https:\/\/www.palazzomandurino.it\/en\/wp-json\/wp\/v2\/pages\/967"}],"wp:featuredmedia":[{"embeddable":true,"href":"https:\/\/www.palazzomandurino.it\/en\/wp-json\/wp\/v2\/media\/840"}],"wp:attachment":[{"href":"https:\/\/www.palazzomandurino.it\/en\/wp-json\/wp\/v2\/media?parent=1015"}],"curies":[{"name":"wp","href":"https:\/\/api.w.org\/{rel}","templated":true}]}}